{"id":486,"date":"2024-10-09T19:49:32","date_gmt":"2024-10-09T19:49:32","guid":{"rendered":"https:\/\/photo.ortizbarbara.com\/photospark-gallery\/"},"modified":"2024-11-24T22:15:01","modified_gmt":"2024-11-24T22:15:01","slug":"portfolio","status":"publish","type":"page","link":"https:\/\/photo.ortizbarbara.com\/?page_id=486","title":{"rendered":"Portfolio"},"content":{"rendered":"\t\t<div data-elementor-type=\"wp-page\" data-elementor-id=\"486\" class=\"elementor elementor-486\">\n\t\t\t\t\t\t<section class=\"elementor-section elementor-top-section elementor-element elementor-element-7c36de4e elementor-section-stretched elementor-section-full_width elementor-section-height-default elementor-section-height-default wpr-particle-no wpr-jarallax-no wpr-parallax-no wpr-sticky-section-no\" data-id=\"7c36de4e\" data-element_type=\"section\" data-e-type=\"section\" data-settings=\"{&quot;stretch_section&quot;:&quot;section-stretched&quot;,&quot;background_background&quot;:&quot;classic&quot;}\">\n\t\t\t\t\t\t\t<div class=\"elementor-background-overlay\"><\/div>\n\t\t\t\t\t\t\t<div class=\"elementor-container elementor-column-gap-no\">\n\t\t\t\t\t<div class=\"elementor-column elementor-col-100 elementor-top-column elementor-element elementor-element-2e612e3a\" data-id=\"2e612e3a\" data-element_type=\"column\" data-e-type=\"column\">\n\t\t\t<div class=\"elementor-widget-wrap elementor-element-populated\">\n\t\t\t\t\t\t<section class=\"elementor-section elementor-inner-section elementor-element elementor-element-9a116d0 elementor-section-full_width elementor-section-height-default elementor-section-height-default wpr-particle-no wpr-jarallax-no wpr-parallax-no wpr-sticky-section-no elementor-invisible\" data-id=\"9a116d0\" data-element_type=\"section\" data-e-type=\"section\" data-settings=\"{&quot;animation&quot;:&quot;zoomIn&quot;}\">\n\t\t\t\t\t\t<div class=\"elementor-container elementor-column-gap-no\">\n\t\t\t\t\t<div class=\"elementor-column elementor-col-100 elementor-inner-column elementor-element elementor-element-60187a1d\" data-id=\"60187a1d\" data-element_type=\"column\" data-e-type=\"column\">\n\t\t\t<div class=\"elementor-widget-wrap elementor-element-populated\">\n\t\t\t\t\t\t<div class=\"elementor-element elementor-element-6444476d elementor-widget elementor-widget-heading\" data-id=\"6444476d\" data-element_type=\"widget\" data-e-type=\"widget\" data-widget_type=\"heading.default\">\n\t\t\t\t<div class=\"elementor-widget-container\">\n\t\t\t\t\t<span class=\"elementor-heading-title elementor-size-default\">Galeria de Argentina<\/span>\t\t\t\t<\/div>\n\t\t\t\t<\/div>\n\t\t\t\t\t<\/div>\n\t\t<\/div>\n\t\t\t\t\t<\/div>\n\t\t<\/section>\n\t\t\t\t<div class=\"elementor-element elementor-element-e94438b elementor-widget elementor-widget-spacer\" data-id=\"e94438b\" data-element_type=\"widget\" data-e-type=\"widget\" data-widget_type=\"spacer.default\">\n\t\t\t\t<div class=\"elementor-widget-container\">\n\t\t\t\t\t\t\t<div class=\"elementor-spacer\">\n\t\t\t<div class=\"elementor-spacer-inner\"><\/div>\n\t\t<\/div>\n\t\t\t\t\t\t<\/div>\n\t\t\t\t<\/div>\n\t\t\t\t\t<\/div>\n\t\t<\/div>\n\t\t\t\t\t<\/div>\n\t\t<\/section>\n\t\t<div class=\"elementor-element elementor-element-e078203 e-flex e-con-boxed wpr-particle-no wpr-jarallax-no wpr-parallax-no wpr-sticky-section-no e-con e-parent\" data-id=\"e078203\" data-element_type=\"container\" data-e-type=\"container\" data-settings=\"{&quot;background_background&quot;:&quot;classic&quot;}\">\n\t\t\t\t\t<div class=\"e-con-inner\">\n\t\t\t\t<div class=\"elementor-element elementor-element-8bb9208 elementor-widget elementor-widget-heading\" data-id=\"8bb9208\" data-element_type=\"widget\" data-e-type=\"widget\" data-widget_type=\"heading.default\">\n\t\t\t\t<div class=\"elementor-widget-container\">\n\t\t\t\t\t<span class=\"elementor-heading-title elementor-size-default\">Aqu\u00ed podr\u00e1s ver los posteos que hemos compartido, pero pr\u00f3ximamente iremos subiendo mas fotos de este incre\u00edble pa\u00eds. Nuestro mapa recorrido: <\/span>\t\t\t\t<\/div>\n\t\t\t\t<\/div>\n\t\t\t\t<div class=\"elementor-element elementor-element-a53de28 elementor-widget elementor-widget-igmap\" data-id=\"a53de28\" data-element_type=\"widget\" data-e-type=\"widget\" data-widget_type=\"igmap.default\">\n\t\t\t\t<div class=\"elementor-widget-container\">\n\t\t\t\t\t<div class=\"igmap-elementor-widget\"><div class=\"map_wrapper\" id=\"map_wrapper_916\">\n<div class=\"map_box\" style=\"max-width:2000px\">\n<div class=\"map_aspect_ratio\" style=\"padding-top:56%\" data-padding-top=\"56%\" data-padding-top-mobile=\"0%\">\n<div class=\"map_container\">\n<div class=\"map_render map_loading\" id=\"map_916\"><\/div>\n<\/div>\n<\/div>\n<\/div>\n<\/div><\/div>\t\t\t\t<\/div>\n\t\t\t\t<\/div>\n\t\t\t\t\t<\/div>\n\t\t\t\t<\/div>\n\t\t\t\t<section class=\"elementor-section elementor-top-section elementor-element elementor-element-3a59af0d elementor-section-stretched elementor-section-boxed elementor-section-height-default elementor-section-height-default wpr-particle-no wpr-jarallax-no wpr-parallax-no wpr-sticky-section-no\" data-id=\"3a59af0d\" data-element_type=\"section\" data-e-type=\"section\" data-settings=\"{&quot;stretch_section&quot;:&quot;section-stretched&quot;,&quot;background_background&quot;:&quot;classic&quot;}\">\n\t\t\t\t\t\t<div class=\"elementor-container elementor-column-gap-default\">\n\t\t\t\t\t<div class=\"elementor-column elementor-col-100 elementor-top-column elementor-element elementor-element-40900224\" data-id=\"40900224\" data-element_type=\"column\" data-e-type=\"column\">\n\t\t\t<div class=\"elementor-widget-wrap elementor-element-populated\">\n\t\t\t\t\t\t<div class=\"elementor-element elementor-element-d8fbced meta-visibility-show section-title-style-style1 title_position_default title_hover_border_default title-default img_hover_animation_default meta_position_default tpg-category-position-default readmore-btn-default-style grid-hover-overlay-type-always tpg-el-box-border-enable tpg-border-bottom-disable elementor-widget elementor-widget-tpg-grid-layout\" data-id=\"d8fbced\" data-element_type=\"widget\" data-e-type=\"widget\" data-widget_type=\"tpg-grid-layout.default\">\n\t\t\t\t<div class=\"elementor-widget-container\">\n\t\t\t\t\t\t\t<div class=\"rt-container-fluid rt-tpg-container tpg-el-main-wrapper clearfix grid-layout4-main \"\n\t\t\t id=\"rt-tpg-container-3900889093\"\n\t\t\t data-layout=\"grid-layout4\"\n\t\t\t data-grid-style=\"tpg-full-height\"\n\t\t\t data-sc-id=\"elementor\"\n\t\t\t data-el-settings=''\n\t\t\t data-el-query=''\n\t\t\t data-el-path=''\n\t\t>\n\t\t\t\t\t\t<div class='tpg-header-wrapper '>\n\t\t\t\t\n        <div class=\"tpg-widget-heading-wrapper rt-clear heading-style1 \">\n            <span class=\"tpg-widget-heading-line line-left\"><\/span>\n\t\t\t<h2 class='tpg-widget-heading'>\n\t\t\t\n\t\t\t\t<span class='prefix-text'><\/span>Portfolio<span class='suffix-text'><\/span>\n\t\t\t\t\t\t\t<\/h2>            <span class=\"tpg-widget-heading-line line-right\"><\/span>\n\n\t\t\t\n        <\/div>\n\n\t\t\n\t\t\t\t\t<\/div>\n\n\t\t\t<div data-title=\"Loading ...\" class=\"rt-row rt-content-loader grid-layout4 grid-behaviour tpg-full-height grid_layout_wrapper\">\n\t\t\t\t\n<div class=\"rt-col-md-4 rt-col-sm-6 rt-col-xs-12 default rt-grid-item\" data-id=\"824\">\n\t<div class=\"rt-holder tpg-post-holder \">\n\t\t<div class=\"rt-detail rt-el-content-wrapper\">\n\t\t\t\t\t\t\t<div class=\"rt-img-holder tpg-el-image-wrap has-no-thumbnail\">\n\t\t\t\t\t<a data-id=\"824\" href=\"https:\/\/photo.ortizbarbara.com\/?p=824\" class=\"tpg-post-link\" target=\"_self\"><img fetchpriority=\"high\" class='rt-img-responsive' src='https:\/\/photo.ortizbarbara.com\/wp-content\/uploads\/2024\/10\/IMG_20221230_150352509-1024x576.jpg' width=\"1024\" height=\"576\" alt='Entre Rios'>\t\t\n\t\t<\/a>\n\t\t        <div class=\"overlay grid-hover-content\"><\/div>\n\t\t\t\t\t\t<\/div>\n\t\t\t\n\t\t\t<div class=\"entry-title-wrapper\">        <div class=\"tpg-separate-category style1 top_left cat-above-title\">\n\t\t\t<span class='categories-links'>\n\t\t\t\n\t\t\t<a class=\"argentina\" href=\"https:\/\/photo.ortizbarbara.com\/?cat=1\">Argentina<\/a>\t\t\t<\/span>\n        <\/div>\n\t\t<h3 class=\"entry-title\"><a data-id=\"824\" href=\"https:\/\/photo.ortizbarbara.com\/?p=824\" class=\"tpg-post-link\" target=\"_self\">Entre Rios<\/a><\/h3><\/div>\n\t\t\t\t\t\t\t<div class=\"post-meta-tags rt-el-post-meta\">\n\t\t\t\t\t            <span class='date'>\n\t\t\t\t<i class='far fa-calendar-alt '><\/i>\t\t\t\t                    <a href=\"https:\/\/photo.ortizbarbara.com\/?m=20241019\">\n\t\t\t\t\tOctober 19, 2024\t\t\t\t<\/a>\n\t\t\t\t\t\t\t<\/span>\n\t\t\t            <span class='categories-links'>\n\t\t\t\t<i class='fas fa-folder-open '><\/i><a class=\"argentina\" href=\"https:\/\/photo.ortizbarbara.com\/?cat=1\">Argentina<\/a>\t\t\t<\/span>\n\t\t\t\t\t\t\t<\/div>\n\t\t\t\n\t\t\t\n\t\t\t        <div class=\"post-footer\">\n            <div class=\"post-footer\">\n                <div class=\"read-more\">\n\t\t\t\t\t<a data-id=\"824\" href=\"https:\/\/photo.ortizbarbara.com\/?p=824\" class=\"tpg-post-link\" target=\"_self\">Ver m\u00e1s<\/a>                <\/div>\n            <\/div>\n        <\/div>\n\t\t\t\t<\/div>\n\t<\/div>\n<\/div>\n\n<div class=\"rt-col-md-4 rt-col-sm-6 rt-col-xs-12 default rt-grid-item\" data-id=\"819\">\n\t<div class=\"rt-holder tpg-post-holder \">\n\t\t<div class=\"rt-detail rt-el-content-wrapper\">\n\t\t\t\t\t\t\t<div class=\"rt-img-holder tpg-el-image-wrap has-no-thumbnail\">\n\t\t\t\t\t<a data-id=\"819\" href=\"https:\/\/photo.ortizbarbara.com\/?p=819\" class=\"tpg-post-link\" target=\"_self\"><img class='rt-img-responsive' src='https:\/\/photo.ortizbarbara.com\/wp-content\/uploads\/2024\/10\/IMG_20191207_161635143-scaled-e1729378493279.jpg' width=\"2560\" height=\"1920\" alt='Buenos Aires'>\t\t\n\t\t<\/a>\n\t\t        <div class=\"overlay grid-hover-content\"><\/div>\n\t\t\t\t\t\t<\/div>\n\t\t\t\n\t\t\t<div class=\"entry-title-wrapper\">        <div class=\"tpg-separate-category style1 top_left cat-above-title\">\n\t\t\t<span class='categories-links'>\n\t\t\t\n\t\t\t<a class=\"argentina\" href=\"https:\/\/photo.ortizbarbara.com\/?cat=1\">Argentina<\/a>\t\t\t<\/span>\n        <\/div>\n\t\t<h3 class=\"entry-title\"><a data-id=\"819\" href=\"https:\/\/photo.ortizbarbara.com\/?p=819\" class=\"tpg-post-link\" target=\"_self\">Buenos Aires<\/a><\/h3><\/div>\n\t\t\t\t\t\t\t<div class=\"post-meta-tags rt-el-post-meta\">\n\t\t\t\t\t            <span class='date'>\n\t\t\t\t<i class='far fa-calendar-alt '><\/i>\t\t\t\t                    <a href=\"https:\/\/photo.ortizbarbara.com\/?m=20241019\">\n\t\t\t\t\tOctober 19, 2024\t\t\t\t<\/a>\n\t\t\t\t\t\t\t<\/span>\n\t\t\t            <span class='categories-links'>\n\t\t\t\t<i class='fas fa-folder-open '><\/i><a class=\"argentina\" href=\"https:\/\/photo.ortizbarbara.com\/?cat=1\">Argentina<\/a>\t\t\t<\/span>\n\t\t\t\t\t\t\t<\/div>\n\t\t\t\n\t\t\t\n\t\t\t        <div class=\"post-footer\">\n            <div class=\"post-footer\">\n                <div class=\"read-more\">\n\t\t\t\t\t<a data-id=\"819\" href=\"https:\/\/photo.ortizbarbara.com\/?p=819\" class=\"tpg-post-link\" target=\"_self\">Ver m\u00e1s<\/a>                <\/div>\n            <\/div>\n        <\/div>\n\t\t\t\t<\/div>\n\t<\/div>\n<\/div>\n\t\t\t<\/div>\n\t\t\t\n\t\t<\/div>\n\t\t\t\t\t\t<\/div>\n\t\t\t\t<\/div>\n\t\t\t\t\t<\/div>\n\t\t<\/div>\n\t\t\t\t\t<\/div>\n\t\t<\/section>\n\t\t\t\t<\/div>\n\t\t","protected":false},"excerpt":{"rendered":"<p>Galeria de Argentina Aqu\u00ed podr\u00e1s ver los posteos que hemos compartido, pero pr\u00f3ximamente iremos subiendo mas fotos de este incre\u00edble pa\u00eds. Nuestro mapa recorrido: Preview Only Portfolio Argentina Entre Rios October 19, 2024 Argentina Ver m\u00e1s Argentina Buenos Aires October 19, 2024 Argentina Ver m\u00e1s<\/p>\n","protected":false},"author":1,"featured_media":0,"parent":0,"menu_order":0,"comment_status":"closed","ping_status":"closed","template":"elementor_header_footer","meta":{"footnotes":""},"class_list":["post-486","page","type-page","status-publish","hentry"],"yoast_head":"<!-- This site is optimized with the Yoast SEO plugin v27.1.1 - https:\/\/yoast.com\/product\/yoast-seo-wordpress\/ -->\n<title>Portfolio - PhotoSpark Photography Website Template<\/title>\n<meta name=\"robots\" content=\"index, follow, max-snippet:-1, max-image-preview:large, max-video-preview:-1\" \/>\n<link rel=\"canonical\" href=\"https:\/\/photo.ortizbarbara.com\/?page_id=486\" \/>\n<meta property=\"og:locale\" content=\"en_US\" \/>\n<meta property=\"og:type\" content=\"article\" \/>\n<meta property=\"og:title\" content=\"Portfolio - PhotoSpark Photography Website Template\" \/>\n<meta property=\"og:description\" content=\"Galeria de Argentina Aqu\u00ed podr\u00e1s ver los posteos que hemos compartido, pero pr\u00f3ximamente iremos subiendo mas fotos de este incre\u00edble pa\u00eds. Nuestro mapa recorrido: Preview Only Portfolio Argentina Entre Rios October 19, 2024 Argentina Ver m\u00e1s Argentina Buenos Aires October 19, 2024 Argentina Ver m\u00e1s\" \/>\n<meta property=\"og:url\" content=\"https:\/\/photo.ortizbarbara.com\/?page_id=486\" \/>\n<meta property=\"og:site_name\" content=\"PhotoSpark Photography Website Template\" \/>\n<meta property=\"article:modified_time\" content=\"2024-11-24T22:15:01+00:00\" \/>\n<meta property=\"og:image\" content=\"https:\/\/photo.ortizbarbara.com\/wp-content\/uploads\/2024\/10\/IMG_20221230_150352509-1024x576.jpg\" \/>\n<meta name=\"twitter:card\" content=\"summary_large_image\" \/>\n<script type=\"application\/ld+json\" class=\"yoast-schema-graph\">{\"@context\":\"https:\/\/schema.org\",\"@graph\":[{\"@type\":\"WebPage\",\"@id\":\"https:\/\/photo.ortizbarbara.com\/?page_id=486\",\"url\":\"https:\/\/photo.ortizbarbara.com\/?page_id=486\",\"name\":\"Portfolio - PhotoSpark Photography Website Template\",\"isPartOf\":{\"@id\":\"https:\/\/photo.ortizbarbara.com\/#website\"},\"primaryImageOfPage\":{\"@id\":\"https:\/\/photo.ortizbarbara.com\/?page_id=486#primaryimage\"},\"image\":{\"@id\":\"https:\/\/photo.ortizbarbara.com\/?page_id=486#primaryimage\"},\"thumbnailUrl\":\"https:\/\/photo.ortizbarbara.com\/wp-content\/uploads\/2024\/10\/IMG_20221230_150352509-1024x576.jpg\",\"datePublished\":\"2024-10-09T19:49:32+00:00\",\"dateModified\":\"2024-11-24T22:15:01+00:00\",\"breadcrumb\":{\"@id\":\"https:\/\/photo.ortizbarbara.com\/?page_id=486#breadcrumb\"},\"inLanguage\":\"en-US\",\"potentialAction\":[{\"@type\":\"ReadAction\",\"target\":[\"https:\/\/photo.ortizbarbara.com\/?page_id=486\"]}]},{\"@type\":\"ImageObject\",\"inLanguage\":\"en-US\",\"@id\":\"https:\/\/photo.ortizbarbara.com\/?page_id=486#primaryimage\",\"url\":\"https:\/\/photo.ortizbarbara.com\/wp-content\/uploads\/2024\/10\/IMG_20221230_150352509-scaled.jpg\",\"contentUrl\":\"https:\/\/photo.ortizbarbara.com\/wp-content\/uploads\/2024\/10\/IMG_20221230_150352509-scaled.jpg\",\"width\":2560,\"height\":1440},{\"@type\":\"BreadcrumbList\",\"@id\":\"https:\/\/photo.ortizbarbara.com\/?page_id=486#breadcrumb\",\"itemListElement\":[{\"@type\":\"ListItem\",\"position\":1,\"name\":\"Home\",\"item\":\"https:\/\/photo.ortizbarbara.com\/\"},{\"@type\":\"ListItem\",\"position\":2,\"name\":\"Portfolio\"}]},{\"@type\":\"WebSite\",\"@id\":\"https:\/\/photo.ortizbarbara.com\/#website\",\"url\":\"https:\/\/photo.ortizbarbara.com\/\",\"name\":\"PhotoSpark Photography Website Template\",\"description\":\"\",\"potentialAction\":[{\"@type\":\"SearchAction\",\"target\":{\"@type\":\"EntryPoint\",\"urlTemplate\":\"https:\/\/photo.ortizbarbara.com\/?s={search_term_string}\"},\"query-input\":{\"@type\":\"PropertyValueSpecification\",\"valueRequired\":true,\"valueName\":\"search_term_string\"}}],\"inLanguage\":\"en-US\"}]}<\/script>\n<!-- \/ Yoast SEO plugin. -->","yoast_head_json":{"title":"Portfolio - PhotoSpark Photography Website Template","robots":{"index":"index","follow":"follow","max-snippet":"max-snippet:-1","max-image-preview":"max-image-preview:large","max-video-preview":"max-video-preview:-1"},"canonical":"https:\/\/photo.ortizbarbara.com\/?page_id=486","og_locale":"en_US","og_type":"article","og_title":"Portfolio - PhotoSpark Photography Website Template","og_description":"Galeria de Argentina Aqu\u00ed podr\u00e1s ver los posteos que hemos compartido, pero pr\u00f3ximamente iremos subiendo mas fotos de este incre\u00edble pa\u00eds. Nuestro mapa recorrido: Preview Only Portfolio Argentina Entre Rios October 19, 2024 Argentina Ver m\u00e1s Argentina Buenos Aires October 19, 2024 Argentina Ver m\u00e1s","og_url":"https:\/\/photo.ortizbarbara.com\/?page_id=486","og_site_name":"PhotoSpark Photography Website Template","article_modified_time":"2024-11-24T22:15:01+00:00","og_image":[{"url":"https:\/\/photo.ortizbarbara.com\/wp-content\/uploads\/2024\/10\/IMG_20221230_150352509-1024x576.jpg","type":"","width":"","height":""}],"twitter_card":"summary_large_image","schema":{"@context":"https:\/\/schema.org","@graph":[{"@type":"WebPage","@id":"https:\/\/photo.ortizbarbara.com\/?page_id=486","url":"https:\/\/photo.ortizbarbara.com\/?page_id=486","name":"Portfolio - PhotoSpark Photography Website Template","isPartOf":{"@id":"https:\/\/photo.ortizbarbara.com\/#website"},"primaryImageOfPage":{"@id":"https:\/\/photo.ortizbarbara.com\/?page_id=486#primaryimage"},"image":{"@id":"https:\/\/photo.ortizbarbara.com\/?page_id=486#primaryimage"},"thumbnailUrl":"https:\/\/photo.ortizbarbara.com\/wp-content\/uploads\/2024\/10\/IMG_20221230_150352509-1024x576.jpg","datePublished":"2024-10-09T19:49:32+00:00","dateModified":"2024-11-24T22:15:01+00:00","breadcrumb":{"@id":"https:\/\/photo.ortizbarbara.com\/?page_id=486#breadcrumb"},"inLanguage":"en-US","potentialAction":[{"@type":"ReadAction","target":["https:\/\/photo.ortizbarbara.com\/?page_id=486"]}]},{"@type":"ImageObject","inLanguage":"en-US","@id":"https:\/\/photo.ortizbarbara.com\/?page_id=486#primaryimage","url":"https:\/\/photo.ortizbarbara.com\/wp-content\/uploads\/2024\/10\/IMG_20221230_150352509-scaled.jpg","contentUrl":"https:\/\/photo.ortizbarbara.com\/wp-content\/uploads\/2024\/10\/IMG_20221230_150352509-scaled.jpg","width":2560,"height":1440},{"@type":"BreadcrumbList","@id":"https:\/\/photo.ortizbarbara.com\/?page_id=486#breadcrumb","itemListElement":[{"@type":"ListItem","position":1,"name":"Home","item":"https:\/\/photo.ortizbarbara.com\/"},{"@type":"ListItem","position":2,"name":"Portfolio"}]},{"@type":"WebSite","@id":"https:\/\/photo.ortizbarbara.com\/#website","url":"https:\/\/photo.ortizbarbara.com\/","name":"PhotoSpark Photography Website Template","description":"","potentialAction":[{"@type":"SearchAction","target":{"@type":"EntryPoint","urlTemplate":"https:\/\/photo.ortizbarbara.com\/?s={search_term_string}"},"query-input":{"@type":"PropertyValueSpecification","valueRequired":true,"valueName":"search_term_string"}}],"inLanguage":"en-US"}]}},"rttpg_featured_image_url":null,"rttpg_author":{"display_name":"barbaraortiz1501","author_link":"https:\/\/photo.ortizbarbara.com\/?author=1"},"rttpg_comment":0,"rttpg_category":"","rttpg_excerpt":"Galeria de Argentina Aqu\u00ed podr\u00e1s ver los posteos que hemos compartido, pero pr\u00f3ximamente iremos subiendo mas fotos de este incre\u00edble pa\u00eds. Nuestro mapa recorrido: Preview Only Portfolio Argentina Entre Rios October 19, 2024 Argentina Ver m\u00e1s Argentina Buenos Aires October 19, 2024 Argentina Ver m\u00e1s","_links":{"self":[{"href":"https:\/\/photo.ortizbarbara.com\/index.php?rest_route=\/wp\/v2\/pages\/486","targetHints":{"allow":["GET"]}}],"collection":[{"href":"https:\/\/photo.ortizbarbara.com\/index.php?rest_route=\/wp\/v2\/pages"}],"about":[{"href":"https:\/\/photo.ortizbarbara.com\/index.php?rest_route=\/wp\/v2\/types\/page"}],"author":[{"embeddable":true,"href":"https:\/\/photo.ortizbarbara.com\/index.php?rest_route=\/wp\/v2\/users\/1"}],"replies":[{"embeddable":true,"href":"https:\/\/photo.ortizbarbara.com\/index.php?rest_route=%2Fwp%2Fv2%2Fcomments&post=486"}],"version-history":[{"count":36,"href":"https:\/\/photo.ortizbarbara.com\/index.php?rest_route=\/wp\/v2\/pages\/486\/revisions"}],"predecessor-version":[{"id":996,"href":"https:\/\/photo.ortizbarbara.com\/index.php?rest_route=\/wp\/v2\/pages\/486\/revisions\/996"}],"wp:attachment":[{"href":"https:\/\/photo.ortizbarbara.com\/index.php?rest_route=%2Fwp%2Fv2%2Fmedia&parent=486"}],"curies":[{"name":"wp","href":"https:\/\/api.w.org\/{rel}","templated":true}]}}